{"id":10,"date":"2020-09-23T11:00:01","date_gmt":"2020-09-23T09:00:01","guid":{"rendered":"http:\/\/www.1k-asia.com\/?page_id=10"},"modified":"2020-11-26T19:51:35","modified_gmt":"2020-11-26T18:51:35","slug":"accueil","status":"publish","type":"page","link":"https:\/\/www.1k-asia.com\/","title":{"rendered":"Accueil"},"content":{"rendered":"\n<h2>A propos d&rsquo;1K Asia<\/h2>\n\n\n\n<div class=\"wp-block-image\"><figure class=\"alignright size-large is-resized\"><img loading=\"lazy\" src=\"http:\/\/www.1k-asia.com\/wp-content\/uploads\/2020\/09\/IMG_4197-1024x529.jpg\" alt=\"\" class=\"wp-image-13\" width=\"370\" height=\"190\" srcset=\"https:\/\/www.1k-asia.com\/wp-content\/uploads\/2020\/09\/IMG_4197-1024x529.jpg 1024w, https:\/\/www.1k-asia.com\/wp-content\/uploads\/2020\/09\/IMG_4197-300x155.jpg 300w, https:\/\/www.1k-asia.com\/wp-content\/uploads\/2020\/09\/IMG_4197-768x396.jpg 768w\" sizes=\"(max-width: 370px) 100vw, 370px\" \/><figcaption>Joe Sun, Eric Romestant, dirigeants d&rsquo;1K Asia, et Monsieur TANG Lianzhi, Maire de Chongqing (33 millions d&rsquo;habitants)<\/figcaption><\/figure><\/div>\n\n\n\n<p>1Kubator Asie anime une plateforme de d\u00e9veloppement internationale pour les entreprises innovantes bas\u00e9e en France et en Chine. 1Kubator Asie est\u00a0<a href=\"https:\/\/www.adamas-lawfirm.com\/fr\/actualites\/evenement,8\/signature-des-accords-du-reseau-station-l-de-la-cci-de-lyon,531\">partenaire op\u00e9rationnel de la CCI de Lyon Saint-Etienne M\u00e9tropole dans le cadre du programme \u00ab\u00a0Station L\u00a0\u00bb<\/a>. 1Kubator Asie est \u00e9galement partenaire op\u00e9rationnel du district de Jiulongpo, \u00e0 Chongqing (la plus grande m\u00e9tropole de Chine avec 33 millions d\u2019habitants).<\/p>\n\n\n\n<p>1K Asia op\u00e8re deux plateformes sp\u00e9cialis\u00e9es dans les produits de lutte contre l&rsquo;\u00e9pid\u00e9mie de covid-19 : <a href=\"http:\/\/www.test-kit-covid19.com\">www.test-kit-covid19.com<\/a> qui sert les laboratoires de biologie m\u00e9dicale, et <a href=\"http:\/\/www.solutions-covid19.com\" target=\"_blank\" rel=\"noreferrer noopener\">www.solutions-covid19.com<\/a> qui fournit les entreprises en produits de protection et de contr\u00f4le. <\/p>\n\n\n\n<div class=\"wp-block-image\"><figure class=\"alignleft size-large is-resized\"><a href=\"https:\/\/www.test-kit-covid19.com\"><img loading=\"lazy\" src=\"http:\/\/www.1k-asia.com\/wp-content\/uploads\/2020\/11\/offres-tests.jpg\" alt=\"\" class=\"wp-image-198\" width=\"247\" height=\"210\" srcset=\"https:\/\/www.1k-asia.com\/wp-content\/uploads\/2020\/11\/offres-tests.jpg 550w, https:\/\/www.1k-asia.com\/wp-content\/uploads\/2020\/11\/offres-tests-300x255.jpg 300w\" sizes=\"(max-width: 247px) 100vw, 247px\" \/><\/a><figcaption>Tests diagnostics PCR, antig\u00e9niques, s\u00e9rologiques, instruments PCR et consommables, \u00e9quipement de laboratoire de biologie m\u00e9dicale &#8211; www.test-kit-covid19.com<\/figcaption><\/figure><\/div>\n\n\n\n<p><\/p>\n\n\n\n<div class=\"wp-block-image\"><figure class=\"alignleft size-large is-resized\"><a href=\"https:\/\/www.solutions-covid19.com\"><img loading=\"lazy\" src=\"http:\/\/www.1k-asia.com\/wp-content\/uploads\/2020\/11\/Offres-solutions-1.jpg\" alt=\"\" class=\"wp-image-199\" width=\"225\" height=\"254\" srcset=\"https:\/\/www.1k-asia.com\/wp-content\/uploads\/2020\/11\/Offres-solutions-1.jpg 429w, https:\/\/www.1k-asia.com\/wp-content\/uploads\/2020\/11\/Offres-solutions-1-265x300.jpg 265w\" sizes=\"(max-width: 225px) 100vw, 225px\" \/><\/a><figcaption>Equipements de protection individuelle, cam\u00e9ra de contr\u00f4le thermique, robots de st\u00e9rilisation autonomes&#8230; &#8211; www.solutions-covid19.com<\/figcaption><\/figure><\/div>\n\n\n\n<div class=\"wp-block-image\"><figure class=\"alignleft size-large is-resized\"><img loading=\"lazy\" src=\"http:\/\/www.1k-asia.com\/wp-content\/uploads\/2020\/11\/livraisons-1024x564.jpg\" alt=\"\" class=\"wp-image-205\" width=\"401\" height=\"221\" srcset=\"https:\/\/www.1k-asia.com\/wp-content\/uploads\/2020\/11\/livraisons-1024x564.jpg 1024w, https:\/\/www.1k-asia.com\/wp-content\/uploads\/2020\/11\/livraisons-300x165.jpg 300w, https:\/\/www.1k-asia.com\/wp-content\/uploads\/2020\/11\/livraisons-768x423.jpg 768w, https:\/\/www.1k-asia.com\/wp-content\/uploads\/2020\/11\/livraisons.jpg 1208w\" sizes=\"(max-width: 401px) 100vw, 401px\" \/><figcaption>Et \u00e7a livre! France, Chine, Allemagne, Maroc, Br\u00e9sil, Autriche&#8230;<\/figcaption><\/figure><\/div>\n\n\n\n<p><\/p>\n","protected":false},"excerpt":{"rendered":"<p>A propos d&rsquo;1K Asia 1Kubator Asie anime une plateforme de d\u00e9veloppement internationale pour les entreprises innovantes bas\u00e9e en France et en Chine. 1Kubator Asie est\u00a0partenaire op\u00e9rationnel de la CCI de Lyon Saint-Etienne M\u00e9tropole dans le cadre du programme \u00ab\u00a0Station L\u00a0\u00bb. 1Kubator Asie est \u00e9galement partenaire op\u00e9rationnel du district de Jiulongpo, [&hellip;]<\/p>\n","protected":false},"author":1,"featured_media":63,"parent":0,"menu_order":0,"comment_status":"closed","ping_status":"closed","template":"","meta":[],"yoast_head":"<!-- This site is optimized with the Yoast SEO plugin v15.2.1 - https:\/\/yoast.com\/wordpress\/plugins\/seo\/ -->\n<title>Accueil - 1K Asia<\/title>\n<meta name=\"robots\" content=\"index, follow, max-snippet:-1, max-image-preview:large, max-video-preview:-1\" \/>\n<link rel=\"canonical\" href=\"https:\/\/www.1k-asia.com\/\" \/>\n<meta property=\"og:locale\" content=\"fr_FR\" \/>\n<meta property=\"og:type\" content=\"article\" \/>\n<meta property=\"og:title\" content=\"Accueil - 1K Asia\" \/>\n<meta property=\"og:description\" content=\"A propos d&rsquo;1K Asia 1Kubator Asie anime une plateforme de d\u00e9veloppement internationale pour les entreprises innovantes bas\u00e9e en France et en Chine. 1Kubator Asie est\u00a0partenaire op\u00e9rationnel de la CCI de Lyon Saint-Etienne M\u00e9tropole dans le cadre du programme \u00ab\u00a0Station L\u00a0\u00bb. 1Kubator Asie est \u00e9galement partenaire op\u00e9rationnel du district de Jiulongpo, [&hellip;]\" \/>\n<meta property=\"og:url\" content=\"https:\/\/www.1k-asia.com\/\" \/>\n<meta property=\"og:site_name\" content=\"1K Asia\" \/>\n<meta property=\"article:modified_time\" content=\"2020-11-26T18:51:35+00:00\" \/>\n<meta property=\"og:image\" content=\"https:\/\/www.1k-asia.com\/wp-content\/uploads\/2020\/09\/chongqing-2.jpg\" \/>\n\t<meta property=\"og:image:width\" content=\"2082\" \/>\n\t<meta property=\"og:image:height\" content=\"919\" \/>\n<meta name=\"twitter:card\" content=\"summary_large_image\" \/>\n<meta name=\"twitter:label1\" content=\"\u00c9crit par\">\n\t<meta name=\"twitter:data1\" content=\"admin7124\">\n\t<meta name=\"twitter:label2\" content=\"Dur\u00e9e de lecture est.\">\n\t<meta name=\"twitter:data2\" content=\"1 minute\">\n<script type=\"application\/ld+json\" class=\"yoast-schema-graph\">{\"@context\":\"https:\/\/schema.org\",\"@graph\":[{\"@type\":\"WebSite\",\"@id\":\"https:\/\/www.1k-asia.com\/#website\",\"url\":\"https:\/\/www.1k-asia.com\/\",\"name\":\"1K Asia\",\"description\":\"Business development platform between France and China\",\"potentialAction\":[{\"@type\":\"SearchAction\",\"target\":\"https:\/\/www.1k-asia.com\/?s={search_term_string}\",\"query-input\":\"required name=search_term_string\"}],\"inLanguage\":\"fr-FR\"},{\"@type\":\"ImageObject\",\"@id\":\"https:\/\/www.1k-asia.com\/#primaryimage\",\"inLanguage\":\"fr-FR\",\"url\":\"https:\/\/www.1k-asia.com\/wp-content\/uploads\/2020\/09\/chongqing-2.jpg\",\"width\":2082,\"height\":919},{\"@type\":\"WebPage\",\"@id\":\"https:\/\/www.1k-asia.com\/#webpage\",\"url\":\"https:\/\/www.1k-asia.com\/\",\"name\":\"Accueil - 1K Asia\",\"isPartOf\":{\"@id\":\"https:\/\/www.1k-asia.com\/#website\"},\"primaryImageOfPage\":{\"@id\":\"https:\/\/www.1k-asia.com\/#primaryimage\"},\"datePublished\":\"2020-09-23T09:00:01+00:00\",\"dateModified\":\"2020-11-26T18:51:35+00:00\",\"inLanguage\":\"fr-FR\",\"potentialAction\":[{\"@type\":\"ReadAction\",\"target\":[\"https:\/\/www.1k-asia.com\/\"]}]}]}<\/script>\n<!-- \/ Yoast SEO plugin. -->","_links":{"self":[{"href":"https:\/\/www.1k-asia.com\/index.php\/wp-json\/wp\/v2\/pages\/10"}],"collection":[{"href":"https:\/\/www.1k-asia.com\/index.php\/wp-json\/wp\/v2\/pages"}],"about":[{"href":"https:\/\/www.1k-asia.com\/index.php\/wp-json\/wp\/v2\/types\/page"}],"author":[{"embeddable":true,"href":"https:\/\/www.1k-asia.com\/index.php\/wp-json\/wp\/v2\/users\/1"}],"replies":[{"embeddable":true,"href":"https:\/\/www.1k-asia.com\/index.php\/wp-json\/wp\/v2\/comments?post=10"}],"version-history":[{"count":36,"href":"https:\/\/www.1k-asia.com\/index.php\/wp-json\/wp\/v2\/pages\/10\/revisions"}],"predecessor-version":[{"id":210,"href":"https:\/\/www.1k-asia.com\/index.php\/wp-json\/wp\/v2\/pages\/10\/revisions\/210"}],"wp:featuredmedia":[{"embeddable":true,"href":"https:\/\/www.1k-asia.com\/index.php\/wp-json\/wp\/v2\/media\/63"}],"wp:attachment":[{"href":"https:\/\/www.1k-asia.com\/index.php\/wp-json\/wp\/v2\/media?parent=10"}],"curies":[{"name":"wp","href":"https:\/\/api.w.org\/{rel}","templated":true}]}}