{"id":109,"date":"2020-09-24T00:35:24","date_gmt":"2020-09-23T22:35:24","guid":{"rendered":"http:\/\/www.1k-asia.com\/?page_id=109"},"modified":"2020-09-24T01:20:45","modified_gmt":"2020-09-23T23:20:45","slug":"a-propos","status":"publish","type":"page","link":"https:\/\/www.1k-asia.com\/index.php\/a-propos\/","title":{"rendered":"A propos"},"content":{"rendered":"\n<section class=\"wp-block-themeisle-blocks-advanced-columns alignfull has-1-columns has-desktop-equal-layout has-tablet-equal-layout has-mobile-equal-layout has-nogap-gap has-vertical-flex-start\" id=\"wp-block-themeisle-blocks-advanced-columns-6013fee3\"><div class=\"wp-block-themeisle-blocks-advanced-columns-overlay\"><\/div><div class=\"innerblocks-wrap\">\n<div class=\"wp-block-themeisle-blocks-advanced-column\" id=\"wp-block-themeisle-blocks-advanced-column-1a42e736\">\n<div id=\"wp-block-themeisle-blocks-advanced-heading-04822d82\" class=\"wp-block-themeisle-blocks-advanced-heading wp-block-themeisle-blocks-advanced-heading-04822d82\"><strong>Un peu d&rsquo;histoire<\/strong><\/div>\n\n\n\n<h2 class=\"has-text-align-center\">1K pour 1Kubator&#8230;<\/h2>\n\n\n\n<div class=\"wp-block-image\"><figure class=\"aligncenter size-large is-resized\"><a href=\"www.1kubator.com\"><img loading=\"lazy\" src=\"http:\/\/www.1k-asia.com\/wp-content\/uploads\/2020\/09\/logo-1kubator-1024x474.png\" alt=\"\" class=\"wp-image-114\" width=\"209\" height=\"97\" srcset=\"https:\/\/www.1k-asia.com\/wp-content\/uploads\/2020\/09\/logo-1kubator-1024x474.png 1024w, https:\/\/www.1k-asia.com\/wp-content\/uploads\/2020\/09\/logo-1kubator-300x139.png 300w, https:\/\/www.1k-asia.com\/wp-content\/uploads\/2020\/09\/logo-1kubator-768x355.png 768w, https:\/\/www.1k-asia.com\/wp-content\/uploads\/2020\/09\/logo-1kubator-1536x711.png 1536w, https:\/\/www.1k-asia.com\/wp-content\/uploads\/2020\/09\/logo-1kubator-2048x948.png 2048w\" sizes=\"(max-width: 209px) 100vw, 209px\" \/><\/a><\/figure><\/div>\n\n\n\n<p><\/p>\n\n\n\n<hr class=\"wp-block-separator has-text-color has-background has-black-background-color has-black-color\"\/>\n\n\n\n<p>1K Asia (1Kubator Asie) est en charge du d\u00e9veloppement de la marque 1Kubator en Asie. <a rel=\"noreferrer noopener\" href=\"http:\/\/www.1kubator.com\" target=\"_blank\">1Kubator<\/a>, cr\u00e9\u00e9e par Alexandre Fourtoy, est le premier r\u00e9seau d\u2019incubateurs et d\u2019acc\u00e9l\u00e9rateurs de startups fran\u00e7ais. <a rel=\"noreferrer noopener\" href=\"http:\/\/www.1kubator.com\" target=\"_blank\">1Kubator<\/a> est n\u00e9 simultan\u00e9ment \u00e0 Lyon et \u00e0 Bordeaux avec le journal Sud-Ouest, en Mars 2017. Le si\u00e8ge d\u2019<a rel=\"noreferrer noopener\" href=\"http:\/\/www.1kubator.com\" target=\"_blank\">1Kubator<\/a> est \u00e0 Lyon. Le si\u00e8ge d\u20191K Asia est \u00e0 Hong-Kong.<\/p>\n\n\n\n<h2 class=\"has-text-align-center\">1Kubator?&#8230;<\/h2>\n\n\n\n<figure class=\"wp-block-image size-large\"><img loading=\"lazy\" width=\"1024\" height=\"521\" src=\"http:\/\/www.1k-asia.com\/wp-content\/uploads\/2020\/09\/Alex-1024x521.jpg\" alt=\"\" class=\"wp-image-137\" srcset=\"https:\/\/www.1k-asia.com\/wp-content\/uploads\/2020\/09\/Alex-1024x521.jpg 1024w, https:\/\/www.1k-asia.com\/wp-content\/uploads\/2020\/09\/Alex-300x153.jpg 300w, https:\/\/www.1k-asia.com\/wp-content\/uploads\/2020\/09\/Alex-768x391.jpg 768w, https:\/\/www.1k-asia.com\/wp-content\/uploads\/2020\/09\/Alex.jpg 1222w\" sizes=\"(max-width: 1024px) 100vw, 1024px\" \/><\/figure>\n\n\n\n<p><a href=\"http:\/\/www.1kubator.com\" target=\"_blank\" rel=\"noreferrer noopener\">1Kubator<\/a> a pour ambition de cr\u00e9er 1000 startups. <a href=\"http:\/\/www.1kubator.com\" target=\"_blank\" rel=\"noreferrer noopener\">1Kubator<\/a> s\u00e9lectionne des projets entrepreneuriaux, port\u00e9s par des entrepreneurs. <a href=\"http:\/\/www.1kubator.com\" target=\"_blank\" rel=\"noreferrer noopener\">1Kubator<\/a> investit 25 K\u20ac dans les projets s\u00e9lectionn\u00e9s alors qu&rsquo;ils sont au stade de l&rsquo;id\u00e9e,  et apporte ses ressources (locaux, r\u00e9seau, accompagnement&#8230;) pour acc\u00e9l\u00e9rer le d\u00e9veloppement du projet, de l&rsquo;id\u00e9e, au produit\/service, puis au march\u00e9, en passant par des lev\u00e9es fonds.  <\/p>\n\n\n\n<p><a rel=\"noreferrer noopener\" href=\"http:\/\/www.1kubator.com\" target=\"_blank\">1Kubator<\/a> a aujourd&rsquo;hui 6 sites en France (Lyon, Bordeaux, Nantes, rennes, Lille, Strasbourg) et d\u00e9j\u00e0 investit dans plus de 130 startups (septembre 2020). <\/p>\n\n\n\n<p>1Kubator op\u00e8re \u00e9galement des acc\u00e9l\u00e9rateurs de startups en collaboration avec des ETI ou grands groupes fran\u00e7ais ou europ\u00e9ens tels que Sud-Ouest, Le T\u00e9l\u00e9gramme de Brest, Intermarch\u00e9, Boehringer Ingelheim,&#8230;<\/p>\n\n\n\n<h2 class=\"has-text-align-center\">Et 1K Asia alors?&#8230;<\/h2>\n\n\n\n<p>Une histoire de rencontre entre un entrepreneur chinois et un des associ\u00e9s d&rsquo;1Kubator. La perspective d&rsquo;ouvrir une voie de d\u00e9veloppement pour les startups d&rsquo;1Kubator vers les technologies, les entreprises, et les consommateurs chinois&#8230; Nombre d&rsquo;entreprises fran\u00e7aises tr\u00e8s innovantes ont besoin d&rsquo;un grand march\u00e9 pour croitre. L&rsquo;acc\u00e8s au march\u00e9 chinois \u00e9tait une opportunit\u00e9 inattendue, et pleine de potentiel. Nous l&rsquo;avons saisie.<\/p>\n\n\n\n<h2 class=\"has-text-align-center\">1K Asia aujourd&rsquo;hui<\/h2>\n\n\n\n<p class=\"has-text-align-left\">1K Asia a cr\u00e9\u00e9 un premier incubateur de startups \u00e0 Chongqing. <\/p>\n\n\n\n<figure class=\"wp-block-embed-youtube wp-block-embed is-type-video is-provider-youtube wp-embed-aspect-16-9 wp-has-aspect-ratio\"><div class=\"wp-block-embed__wrapper\">\n<iframe title=\"REPORTAGE CHOC - CHONGQING, LA VILLE LA PLUS GRANDE  DE CHINE\" width=\"750\" height=\"422\" src=\"https:\/\/www.youtube.com\/embed\/YEeLuvPU0Ok?feature=oembed\" frameborder=\"0\" allow=\"accelerometer; autoplay; clipboard-write; encrypted-media; gyroscope; picture-in-picture\" allowfullscreen><\/iframe>\n<\/div><\/figure>\n\n\n\n<figure class=\"wp-block-image size-large\"><img loading=\"lazy\" width=\"1024\" height=\"517\" src=\"http:\/\/www.1k-asia.com\/wp-content\/uploads\/2020\/09\/1K-Chine-1-1024x517.png\" alt=\"\" class=\"wp-image-126\" srcset=\"https:\/\/www.1k-asia.com\/wp-content\/uploads\/2020\/09\/1K-Chine-1-1024x517.png 1024w, https:\/\/www.1k-asia.com\/wp-content\/uploads\/2020\/09\/1K-Chine-1-300x151.png 300w, https:\/\/www.1k-asia.com\/wp-content\/uploads\/2020\/09\/1K-Chine-1-768x388.png 768w, https:\/\/www.1k-asia.com\/wp-content\/uploads\/2020\/09\/1K-Chine-1-1536x775.png 1536w, https:\/\/www.1k-asia.com\/wp-content\/uploads\/2020\/09\/1K-Chine-1.png 1575w\" sizes=\"(max-width: 1024px) 100vw, 1024px\" \/><\/figure>\n\n\n\n<figure class=\"wp-block-image size-large\"><img loading=\"lazy\" width=\"628\" height=\"354\" src=\"http:\/\/www.1k-asia.com\/wp-content\/uploads\/2020\/09\/1K-\u00e0-Chongqing-1-50.png\" alt=\"\" class=\"wp-image-39\" srcset=\"https:\/\/www.1k-asia.com\/wp-content\/uploads\/2020\/09\/1K-\u00e0-Chongqing-1-50.png 628w, https:\/\/www.1k-asia.com\/wp-content\/uploads\/2020\/09\/1K-\u00e0-Chongqing-1-50-300x169.png 300w\" sizes=\"(max-width: 628px) 100vw, 628px\" \/><\/figure>\n\n\n\n<p class=\"has-text-align-left\">En parall\u00e8le, 1K Asia anime une plateforme de d\u00e9veloppement internationale pour les entreprises innovantes, en s&rsquo;appuyant sur ses ressources en France et en Chine. <\/p>\n\n\n\n<figure class=\"wp-block-image size-large\"><img loading=\"lazy\" width=\"628\" height=\"354\" src=\"http:\/\/www.1k-asia.com\/wp-content\/uploads\/2020\/09\/1K-\u00e0-Chongqing-2-50.png\" alt=\"\" class=\"wp-image-40\" srcset=\"https:\/\/www.1k-asia.com\/wp-content\/uploads\/2020\/09\/1K-\u00e0-Chongqing-2-50.png 628w, https:\/\/www.1k-asia.com\/wp-content\/uploads\/2020\/09\/1K-\u00e0-Chongqing-2-50-300x169.png 300w\" sizes=\"(max-width: 628px) 100vw, 628px\" \/><\/figure>\n\n\n\n<p class=\"has-text-align-left\">1Kubator Asie est <a href=\"https:\/\/www.adamas-lawfirm.com\/fr\/actualites\/evenement,8\/signature-des-accords-du-reseau-station-l-de-la-cci-de-lyon,531\">partenaire op\u00e9rationnel de la CCI de Lyon Saint-Etienne M\u00e9tropole dans le cadre du programme \u00ab&nbsp;Station L&nbsp;\u00bb<\/a>. 1K Asia est \u00e9galement partenaire op\u00e9rationnel du district de Jiulongpo, \u00e0 Chongqing (la plus grande m\u00e9tropole de Chine avec 33 millions d\u2019habitants), o\u00f9 est situ\u00e9 son incubateur d\u2019entreprises innovantes.<\/p>\n\n\n\n<p class=\"has-text-align-center\"><\/p>\n<\/div>\n<\/div><\/section>\n","protected":false},"excerpt":{"rendered":"","protected":false},"author":1,"featured_media":124,"parent":0,"menu_order":0,"comment_status":"closed","ping_status":"closed","template":"","meta":[],"yoast_head":"<!-- This site is optimized with the Yoast SEO plugin v15.2.1 - https:\/\/yoast.com\/wordpress\/plugins\/seo\/ -->\n<title>A propos - 1K Asia<\/title>\n<meta name=\"robots\" content=\"index, follow, max-snippet:-1, max-image-preview:large, max-video-preview:-1\" \/>\n<link rel=\"canonical\" href=\"http:\/\/www.1k-asia.com\/index.php\/a-propos\/\" \/>\n<meta property=\"og:locale\" content=\"fr_FR\" \/>\n<meta property=\"og:type\" content=\"article\" \/>\n<meta property=\"og:title\" content=\"A propos - 1K Asia\" \/>\n<meta property=\"og:url\" content=\"http:\/\/www.1k-asia.com\/index.php\/a-propos\/\" \/>\n<meta property=\"og:site_name\" content=\"1K Asia\" \/>\n<meta property=\"article:modified_time\" content=\"2020-09-23T23:20:45+00:00\" \/>\n<meta property=\"og:image\" content=\"https:\/\/www.1k-asia.com\/wp-content\/uploads\/2020\/09\/Avec-Alex-Lyon-2.jpg\" \/>\n\t<meta property=\"og:image:width\" content=\"1024\" \/>\n\t<meta property=\"og:image:height\" content=\"298\" \/>\n<meta name=\"twitter:card\" content=\"summary_large_image\" \/>\n<meta name=\"twitter:label1\" content=\"\u00c9crit par\">\n\t<meta name=\"twitter:data1\" content=\"admin7124\">\n\t<meta name=\"twitter:label2\" content=\"Dur\u00e9e de lecture est.\">\n\t<meta name=\"twitter:data2\" content=\"1 minute\">\n<script type=\"application\/ld+json\" class=\"yoast-schema-graph\">{\"@context\":\"https:\/\/schema.org\",\"@graph\":[{\"@type\":\"WebSite\",\"@id\":\"https:\/\/www.1k-asia.com\/#website\",\"url\":\"https:\/\/www.1k-asia.com\/\",\"name\":\"1K Asia\",\"description\":\"Business development platform between France and China\",\"potentialAction\":[{\"@type\":\"SearchAction\",\"target\":\"https:\/\/www.1k-asia.com\/?s={search_term_string}\",\"query-input\":\"required name=search_term_string\"}],\"inLanguage\":\"fr-FR\"},{\"@type\":\"ImageObject\",\"@id\":\"http:\/\/www.1k-asia.com\/index.php\/a-propos\/#primaryimage\",\"inLanguage\":\"fr-FR\",\"url\":\"https:\/\/www.1k-asia.com\/wp-content\/uploads\/2020\/09\/Avec-Alex-Lyon-2.jpg\",\"width\":1024,\"height\":298},{\"@type\":\"WebPage\",\"@id\":\"http:\/\/www.1k-asia.com\/index.php\/a-propos\/#webpage\",\"url\":\"http:\/\/www.1k-asia.com\/index.php\/a-propos\/\",\"name\":\"A propos - 1K Asia\",\"isPartOf\":{\"@id\":\"https:\/\/www.1k-asia.com\/#website\"},\"primaryImageOfPage\":{\"@id\":\"http:\/\/www.1k-asia.com\/index.php\/a-propos\/#primaryimage\"},\"datePublished\":\"2020-09-23T22:35:24+00:00\",\"dateModified\":\"2020-09-23T23:20:45+00:00\",\"inLanguage\":\"fr-FR\",\"potentialAction\":[{\"@type\":\"ReadAction\",\"target\":[\"http:\/\/www.1k-asia.com\/index.php\/a-propos\/\"]}]}]}<\/script>\n<!-- \/ Yoast SEO plugin. -->","_links":{"self":[{"href":"https:\/\/www.1k-asia.com\/index.php\/wp-json\/wp\/v2\/pages\/109"}],"collection":[{"href":"https:\/\/www.1k-asia.com\/index.php\/wp-json\/wp\/v2\/pages"}],"about":[{"href":"https:\/\/www.1k-asia.com\/index.php\/wp-json\/wp\/v2\/types\/page"}],"author":[{"embeddable":true,"href":"https:\/\/www.1k-asia.com\/index.php\/wp-json\/wp\/v2\/users\/1"}],"replies":[{"embeddable":true,"href":"https:\/\/www.1k-asia.com\/index.php\/wp-json\/wp\/v2\/comments?post=109"}],"version-history":[{"count":12,"href":"https:\/\/www.1k-asia.com\/index.php\/wp-json\/wp\/v2\/pages\/109\/revisions"}],"predecessor-version":[{"id":145,"href":"https:\/\/www.1k-asia.com\/index.php\/wp-json\/wp\/v2\/pages\/109\/revisions\/145"}],"wp:featuredmedia":[{"embeddable":true,"href":"https:\/\/www.1k-asia.com\/index.php\/wp-json\/wp\/v2\/media\/124"}],"wp:attachment":[{"href":"https:\/\/www.1k-asia.com\/index.php\/wp-json\/wp\/v2\/media?parent=109"}],"curies":[{"name":"wp","href":"https:\/\/api.w.org\/{rel}","templated":true}]}}