{"id":2,"date":"2020-09-23T10:28:17","date_gmt":"2020-09-23T08:28:17","guid":{"rendered":"http:\/\/www.1k-asia.com\/?page_id=2"},"modified":"2020-09-23T16:37:08","modified_gmt":"2020-09-23T14:37:08","slug":"mentions-legales","status":"publish","type":"page","link":"https:\/\/www.1k-asia.com\/index.php\/mentions-legales\/","title":{"rendered":"Mentions l\u00e9gales"},"content":{"rendered":"\n<p>Conform\u00e9ment aux dispositions des articles 6-III et 19 de la Loi n\u00b0 2004-575 du 21 juin 2004 pour la Confiance dans l\u2019\u00e9conomie num\u00e9rique, dite L.C.E.N., nous portons \u00e0 la connaissance des utilisateurs et visiteurs du site :\u00a0<a href=\"http:\/\/www.generer-mentions-legales.com\/\" target=\"_blank\" rel=\"noreferrer noopener\">www.1k-asia.com<\/a>\u00a0les informations suivantes :<\/p>\n\n\n\n<p><strong>1. Informations l\u00e9gales :<\/strong><\/p>\n\n\n\n<p>https:\/\/www.1k-asia.com et son activit\u00e9 sont un service de 1Kuabtor Asia Holding Limited<\/p>\n\n\n\n<p>1Kubator Asia Holding Limited PRO FORMA INVOICE<br> Expiration Date 12\/09\/2020<br>Phone : (+852) 3069-6839 Invoice # F20103<br>joe@1kubator.com<\/p>\n\n\n\n<ul><li>Si\u00e8ge social : 502 5F, Good view center, 2-16 Garden Street Date 02\/09\/2020 Mongkok, Hong-Kong<\/li><li>Directeur de publication : Joe Sun<\/li><li>Contact de la publication : joe.sun [] 1kubator.com<\/li><li>H\u00e9bergeur : OVH, 2 rue Kellermann 59100 Roubaix, France<\/li><\/ul>\n\n\n\n<p><strong>2. Pr\u00e9sentation et principe :<\/strong><\/p>\n\n\n\n<p>Est d\u00e9sign\u00e9 ci-apr\u00e8s :\u00a0<strong>Utilisateur<\/strong>, tout internaute se connectant et utilisant le site susnomm\u00e9 : www.1k-asia.com.<br>Le site\u00a0<strong>www.1k-asia.com\u00a0<\/strong>regroupe un ensemble de services, dans l\u2019\u00e9tat, mis \u00e0 la disposition des utilisateurs. Il est ici pr\u00e9cis\u00e9 que ces derniers doivent rester courtois et faire preuve de bonne foi tant envers les autres utilisateurs qu\u2019envers le webmaster du site www.1k-asia.com. Le site www.1k-asia.com est mis \u00e0 jour r\u00e9guli\u00e8rement par 1Kubator Asia.<br>1Kubator Asia s\u2019efforce de fournir sur le site www.1k-asia.com des informations les plus pr\u00e9cises possibles (sous r\u00e9serve de modifications apport\u00e9es depuis leur mise en ligne), mais ne saurait garantir l\u2019exactitude, la compl\u00e9tude et l\u2019actualit\u00e9 des informations diffus\u00e9es sur son site, qu\u2019elles soient de son fait ou du fait des tiers partenaires qui lui fournissent ces informations. En cons\u00e9quence, l\u2019utilisateur reconna\u00eet utiliser ces informations donn\u00e9es (\u00e0 titre indicatif, non exhaustives et susceptibles d\u2019\u00e9voluer) sous sa responsabilit\u00e9 exclusive.<\/p>\n\n\n\n<p><strong>3. Accessibilit\u00e9 :<\/strong><br><br>Le site www.1k-asia.com est par principe accessible aux utilisateurs 24\/24h, 7\/7j, sauf interruption, programm\u00e9e ou non, pour les besoins de sa maintenance ou en cas de force majeure. En cas d\u2019impossibilit\u00e9 d\u2019acc\u00e8s au service, www.1k-asia.com s\u2019engage \u00e0 faire son maximum afin de r\u00e9tablir l\u2019acc\u00e8s au service et s\u2019efforcera alors de communiquer pr\u00e9alablement aux utilisateurs les dates et heures de l\u2019intervention.\u00a0 N\u2019\u00e9tant soumis qu\u2019\u00e0 une obligation de moyen, www.1k-asia.com ne saurait \u00eatre tenu pour responsable de tout dommage, quelle qu\u2019en soit la nature, r\u00e9sultant d\u2019une indisponibilit\u00e9 du service.<\/p>\n\n\n\n<p><br><strong>4. Acceptation des termes et conditions :<\/strong><br><br>L\u2019utilisation du site www.1k-asia.com implique l\u2019acceptation pleine et enti\u00e8re des conditions g\u00e9n\u00e9rales d\u2019utilisation\u00a0d\u00e9crites ci-dessus. Celles-ci sont consultables par l\u2019interm\u00e9diaire d\u2019un lien hypertexte plac\u00e9 sur toutes les pages du site www.1k-asia.com. Il est ici rappel\u00e9 que les d\u00e9veloppeurs du site www.1k-asia.com gardent trace de l\u2019adresse mail, et de l\u2019adresse IP de tout utilisateur. En cons\u00e9quence, il doit \u00eatre conscient qu\u2019en cas d\u2019injonction de l\u2019autorit\u00e9 judiciaire il peut \u00eatre retrouv\u00e9 et poursuivi.<\/p>\n\n\n\n<p><strong>5. Modification des conditions :<\/strong><\/p>\n\n\n\n<p>1Kubator Asia se r\u00e9serve le droit, \u00e0 tout moment, de modifier, compl\u00e9ter, enlever ou ajouter, ce sans pr\u00e9avis, tout ou partie des pr\u00e9sentes conditions d\u2019utilisation du site\u00a0<a href=\"http:\/\/www.generer-mentions-legales.com\/\" target=\"_blank\" rel=\"noreferrer noopener\">www.1k-asia.com<\/a>, aussi les utilisateurs du site www.1k-asia.com sont\u00a0invit\u00e9s \u00e0 les consulter de mani\u00e8re r\u00e9guli\u00e8re, car elles s\u2019imposent \u00e0 eux sans aucune r\u00e9serve. L\u2019utilisateur est r\u00e9put\u00e9 les accepter sans r\u00e9serve et s\u2019y r\u00e9f\u00e9rer r\u00e9guli\u00e8rement pour prendre connaissance des modifications. Le site www.1k-asia.com se r\u00e9serve aussi le droit de c\u00e9der, transf\u00e9rer, ce sans pr\u00e9avis, les droits et\/ou obligations des pr\u00e9sentes CGU et mentions l\u00e9gales. En continuant \u00e0 utiliser les Services du site www.1k-asia.com, l\u2019utilisateur reconna\u00eet accepter les modifications des conditions g\u00e9n\u00e9rales d\u2019utilisation qui seraient intervenues.<\/p>\n\n\n\n<p>\u00a0<br><strong>6. Limitation de responsabilit\u00e9 :<\/strong><br><br>Le site www.1k-asia.com ne saurait \u00eatre tenu responsable des erreurs typographiques ou inexactitudes apparaissant sur le service, ou de quelques dommages subis r\u00e9sultant de son utilisation. L\u2019utilisateur reste responsable de son \u00e9quipement et de son utilisation, de m\u00eame il supporte seul les co\u00fbts directs ou indirects suite \u00e0 sa connexion \u00e0 Internet.<br>Le site www.1k-asia19.com utilise la technologie java script. Pour acc\u00e9der \u00e0 l\u2019ensemble du site www.1k-asia.com, l\u2019utilisateur s\u2019engage \u00e0 utiliser un mat\u00e9riel r\u00e9cent, ne contenant pas de virus et avec les mises \u00e0 jour faites de son navigateur.\u00a0 L\u2019utilisateur d\u00e9gage la responsabilit\u00e9 de www.1k-asia.com pour tout pr\u00e9judice qu\u2019il pourrait subir ou faire subir, directement ou indirectement, du fait de l\u2019utilisation des services propos\u00e9s. Seule la responsabilit\u00e9 de l\u2019utilisateur est engag\u00e9e par l\u2019utilisation du service propos\u00e9 et celui-ci d\u00e9gage express\u00e9ment le site www.1k-asia.com de toute responsabilit\u00e9 vis \u00e0 vis de tiers.<br>Tout contenu (texte, photos, dessins,\u2026) \u00e9mis par l\u2019interm\u00e9diaire de l\u2019espace contact ou tout autre espace interactif mis \u00e0 la disposition des utilisateurs et\u00a0non conforme aux dispositions l\u00e9gales et r\u00e9glementaires en vigueur et applicable en France, notamment atteintes aux droits de la personnalit\u00e9 de tiers( diffamation, injures, atteinte \u00e0 la vie priv\u00e9e,\u2026), acte de concurrence d\u00e9loyale, atteinte \u00e0 l\u2019ordre public et aux bonnes m\u0153urs ( incitation \u00e0 la haine raciale, n\u00e9gationnisme, r\u00e9visionnisme, pornographique,\u2026) sera, sans mise en demeure pr\u00e9alable, supprim\u00e9 sur le champ. Dans une telle situation, 1Kubator Asia propri\u00e9taire du site www.1k-asia.com se r\u00e9serve la possibilit\u00e9 de mettre en cause la responsabilit\u00e9 civile et\/ou p\u00e9nale de l\u2019utilisateur incrimin\u00e9.<\/p>\n\n\n\n<p><br><strong>7. Propri\u00e9t\u00e9 intellectuelle :<\/strong><br><br>1Kubator Asia est propri\u00e9taire exclusif de tous les droits de propri\u00e9t\u00e9 intellectuelle ou d\u00e9tient les droits d\u2019usage sur tous les \u00e9l\u00e9ments accessibles sur le site, tant sur la structure que sur les textes, images, graphismes, logo, ic\u00f4nes, sons, logiciels\u2026<br>Toute reproduction totale ou partielle du site www.1k-asia.com, repr\u00e9sentation, modification, publication, adaptation totale ou partielle de l\u2019un quelconque de ces \u00e9l\u00e9ments, quel que soit le moyen ou le proc\u00e9d\u00e9 utilis\u00e9, est interdite, sauf autorisation \u00e9crite pr\u00e9alable de 1Kubator Asia, propri\u00e9taire du site \u00e0 l\u2019email :\u00a0<a href=\"mailto:webmaster@1k-asia.com\">webmaster@1k-asia.com<\/a>, \u00e0 d\u00e9faut elle sera consid\u00e9r\u00e9e comme constitutive d\u2019une contrefa\u00e7on et passible de poursuite conform\u00e9ment aux dispositions des articles L.335-2 et suivants du Code de Propri\u00e9t\u00e9 Intellectuelle.<\/p>\n\n\n\n<p><br><strong>8. Liens hypertextes et cookies :<\/strong><br><br>Le site www.1k-asia.com contient un certain nombre de liens hypertextes vers d\u2019autres sites (partenaires, informations \u2026) mis en place par 1Kubator Asia. Cependant, 1Kubator Asia n\u2019a pas la possibilit\u00e9 de v\u00e9rifier l\u2019ensemble du contenu des sites ainsi visit\u00e9s\u00a0et d\u00e9cline donc toute responsabilit\u00e9 de ce fait quant aux risques \u00e9ventuels de contenus illicites.<br>L\u2019utilisateur est inform\u00e9 que lors de ses visites sur le site www.1k-asia.com, un ou des cookies sont susceptibles de s\u2019installer automatiquement sur son ordinateur par l\u2019interm\u00e9diaire de son logiciel de navigation. Un cookie est un bloc de donn\u00e9es qui ne permet pas d\u2019identifier l\u2019utilisateur, mais qui enregistre des informations relatives \u00e0 la navigation de celui-ci sur le site.\u00a0<br>Le param\u00e9trage du logiciel de navigation permet d\u2019informer de la pr\u00e9sence de cookie et \u00e9ventuellement, de la refuser de la mani\u00e8re d\u00e9crite \u00e0 l\u2019adresse suivante :\u00a0<a href=\"http:\/\/www.cnil.fr\/\">www.cnil.fr<\/a>. L\u2019utilisateur peut toutefois configurer le navigateur de son ordinateur pour refuser l\u2019installation des cookies, sachant que le refus d\u2019installation d\u2019un cookie peut entra\u00eener l\u2019impossibilit\u00e9 d\u2019acc\u00e9der \u00e0 certains services. Pour tout bloquage des cookies, tapez dans votre moteur de recherche : bloquage des cookies sous IE ou firefox ou Chrome et suivez les instructions en fonction de votre version.<br><br><br><strong>9. Protection des biens et des personnes \u2013 gestion des donn\u00e9es personnelles :<\/strong><br><br>En France, les donn\u00e9es personnelles sont notamment prot\u00e9g\u00e9es par la loi n\u00b0 78-87 du 6 janvier 1978, la loi n\u00b0 2004-801 du 6 ao\u00fbt 2004, l\u2019article L. 226-13 du Code p\u00e9nal et la Directive Europ\u00e9enne du 24 octobre 1995.<\/p>\n\n\n\n<p>Sur le site www.1k-asia.com, 1Kubator Asia ne collecte des informations personnelles (suivant l\u2019article 4 loi n\u00b078-17 du 06 janvier 1978) relatives \u00e0 l\u2019utilisateur que pour le besoin de certains services propos\u00e9s par le site www.1k-asia.com. L\u2019utilisateur fournit ces informations en toute connaissance de cause, notamment lorsqu\u2019il proc\u00e8de par lui-m\u00eame \u00e0 leur saisie. Il est alors pr\u00e9cis\u00e9 \u00e0 l\u2019utilisateur du site www.1k-asia.com l\u2019obligation ou non de fournir ces informations.<br>Conform\u00e9ment aux dispositions des articles 38 et suivants de la loi 78-17 du 6 janvier 1978 relative \u00e0 l\u2019informatique, aux fichiers et aux libert\u00e9s, tout utilisateur dispose d\u2019un droit d\u2019acc\u00e8s, de rectification, de suppression et d\u2019opposition aux donn\u00e9es personnelles le concernant. Pour l\u2019exercer, adressez votre demande \u00e0 www.1k-asia.com par email :\u00a0<strong><a href=\"mailto:rgpd@1k-asia.com\">rgpd@1k-asia.com<\/a><\/strong>\u00a0ou\u00a0par \u00e9crit\u00a0d\u00fbment sign\u00e9e, accompagn\u00e9e d\u2019une copie du titre d\u2019identit\u00e9 avec signature du titulaire de la pi\u00e8ce, en pr\u00e9cisant l\u2019adresse \u00e0 laquelle la r\u00e9ponse doit \u00eatre envoy\u00e9e.<\/p>\n\n\n\n<p>Aucune information personnelle de l\u2019utilisateur du site www.1k-asia.com n\u2019est publi\u00e9e \u00e0 l\u2019insu de l\u2019utilisateur, \u00e9chang\u00e9e, transf\u00e9r\u00e9e, c\u00e9d\u00e9e ou vendue sur un support quelconque \u00e0 des tiers. Seule l\u2019hypoth\u00e8se du rachat du site www.1k-asia.com et de ses droits autorise 1Kubator Asia \u00e0 transmettre lesdites informations \u00e0 l\u2019\u00e9ventuel acqu\u00e9reur qui serait \u00e0 son tour tenu\u00a0\u00e0 la m\u00eame obligation de conservation et de modification des donn\u00e9es vis \u00e0 vis de l\u2019utilisateur du site www.1k-asia.com.<\/p>\n\n\n\n<p>Les bases de donn\u00e9es sont prot\u00e9g\u00e9es par les dispositions de la loi du 1er juillet 1998 transposant la directive 96\/9 du 11 mars 1996 relative \u00e0 la protection juridique des bases de donn\u00e9es.<\/p>\n\n\n\n<p><strong>10. Loi applicable et juridiction comp\u00e9tente :<\/strong><br><br>Les pr\u00e9sentes Conditions G\u00e9n\u00e9rales d\u2019Utilisation et la relation de l\u2019utilisateur avec le site www.1k-asia.com en vertu de ces Conditions G\u00e9n\u00e9rales d\u2019Utilisation sont r\u00e9gies par le droit Fran\u00e7ais. L\u2019utilisateur ainsi que www.1k-asia.com acceptent de se soumettre \u00e0 la comp\u00e9tence exclusive des tribunaux Fran\u00e7ais en cas de litige r\u00e9sultant de ces conditions g\u00e9n\u00e9rales d\u2019utilisation.<\/p>\n","protected":false},"excerpt":{"rendered":"<p>Conform\u00e9ment aux dispositions des articles 6-III et 19 de la Loi n\u00b0 2004-575 du 21 juin 2004 pour la Confiance dans l\u2019\u00e9conomie num\u00e9rique, dite L.C.E.N., nous portons \u00e0 la connaissance des utilisateurs et visiteurs du site :\u00a0www.1k-asia.com\u00a0les informations suivantes : 1. Informations l\u00e9gales : https:\/\/www.1k-asia.com et son activit\u00e9 sont un [&hellip;]<\/p>\n","protected":false},"author":1,"featured_media":0,"parent":0,"menu_order":0,"comment_status":"closed","ping_status":"closed","template":"","meta":[],"yoast_head":"<!-- This site is optimized with the Yoast SEO plugin v15.2.1 - https:\/\/yoast.com\/wordpress\/plugins\/seo\/ -->\n<title>Mentions l\u00e9gales - 1K Asia<\/title>\n<meta name=\"robots\" content=\"index, follow, max-snippet:-1, max-image-preview:large, max-video-preview:-1\" \/>\n<link rel=\"canonical\" href=\"https:\/\/www.1k-asia.com\/index.php\/mentions-legales\/\" \/>\n<meta property=\"og:locale\" content=\"fr_FR\" \/>\n<meta property=\"og:type\" content=\"article\" \/>\n<meta property=\"og:title\" content=\"Mentions l\u00e9gales - 1K Asia\" \/>\n<meta property=\"og:description\" content=\"Conform\u00e9ment aux dispositions des articles 6-III et 19 de la Loi n\u00b0 2004-575 du 21 juin 2004 pour la Confiance dans l\u2019\u00e9conomie num\u00e9rique, dite L.C.E.N., nous portons \u00e0 la connaissance des utilisateurs et visiteurs du site :\u00a0www.1k-asia.com\u00a0les informations suivantes : 1. Informations l\u00e9gales : https:\/\/www.1k-asia.com et son activit\u00e9 sont un [&hellip;]\" \/>\n<meta property=\"og:url\" content=\"https:\/\/www.1k-asia.com\/index.php\/mentions-legales\/\" \/>\n<meta property=\"og:site_name\" content=\"1K Asia\" \/>\n<meta property=\"article:modified_time\" content=\"2020-09-23T14:37:08+00:00\" \/>\n<meta name=\"twitter:card\" content=\"summary_large_image\" \/>\n<meta name=\"twitter:label1\" content=\"\u00c9crit par\">\n\t<meta name=\"twitter:data1\" content=\"admin7124\">\n\t<meta name=\"twitter:label2\" content=\"Dur\u00e9e de lecture est.\">\n\t<meta name=\"twitter:data2\" content=\"7 minutes\">\n<script type=\"application\/ld+json\" class=\"yoast-schema-graph\">{\"@context\":\"https:\/\/schema.org\",\"@graph\":[{\"@type\":\"WebSite\",\"@id\":\"https:\/\/www.1k-asia.com\/#website\",\"url\":\"https:\/\/www.1k-asia.com\/\",\"name\":\"1K Asia\",\"description\":\"Business development platform between France and China\",\"potentialAction\":[{\"@type\":\"SearchAction\",\"target\":\"https:\/\/www.1k-asia.com\/?s={search_term_string}\",\"query-input\":\"required name=search_term_string\"}],\"inLanguage\":\"fr-FR\"},{\"@type\":\"WebPage\",\"@id\":\"https:\/\/www.1k-asia.com\/index.php\/mentions-legales\/#webpage\",\"url\":\"https:\/\/www.1k-asia.com\/index.php\/mentions-legales\/\",\"name\":\"Mentions l\\u00e9gales - 1K Asia\",\"isPartOf\":{\"@id\":\"https:\/\/www.1k-asia.com\/#website\"},\"datePublished\":\"2020-09-23T08:28:17+00:00\",\"dateModified\":\"2020-09-23T14:37:08+00:00\",\"inLanguage\":\"fr-FR\",\"potentialAction\":[{\"@type\":\"ReadAction\",\"target\":[\"https:\/\/www.1k-asia.com\/index.php\/mentions-legales\/\"]}]}]}<\/script>\n<!-- \/ Yoast SEO plugin. -->","_links":{"self":[{"href":"https:\/\/www.1k-asia.com\/index.php\/wp-json\/wp\/v2\/pages\/2"}],"collection":[{"href":"https:\/\/www.1k-asia.com\/index.php\/wp-json\/wp\/v2\/pages"}],"about":[{"href":"https:\/\/www.1k-asia.com\/index.php\/wp-json\/wp\/v2\/types\/page"}],"author":[{"embeddable":true,"href":"https:\/\/www.1k-asia.com\/index.php\/wp-json\/wp\/v2\/users\/1"}],"replies":[{"embeddable":true,"href":"https:\/\/www.1k-asia.com\/index.php\/wp-json\/wp\/v2\/comments?post=2"}],"version-history":[{"count":1,"href":"https:\/\/www.1k-asia.com\/index.php\/wp-json\/wp\/v2\/pages\/2\/revisions"}],"predecessor-version":[{"id":85,"href":"https:\/\/www.1k-asia.com\/index.php\/wp-json\/wp\/v2\/pages\/2\/revisions\/85"}],"wp:attachment":[{"href":"https:\/\/www.1k-asia.com\/index.php\/wp-json\/wp\/v2\/media?parent=2"}],"curies":[{"name":"wp","href":"https:\/\/api.w.org\/{rel}","templated":true}]}}