{"id":212,"date":"2022-02-07T12:30:32","date_gmt":"2022-02-07T11:30:32","guid":{"rendered":"http:\/\/www.1k-asia.com\/?page_id=212"},"modified":"2022-02-11T11:32:35","modified_gmt":"2022-02-11T10:32:35","slug":"incubation","status":"publish","type":"page","link":"https:\/\/www.1k-asia.com\/index.php\/incubation\/","title":{"rendered":"Incubation"},"content":{"rendered":"\n<div class=\"wp-block-themeisle-blocks-advanced-columns has-1-columns has-desktop-equal-layout has-tablet-equal-layout has-mobile-equal-layout has-default-gap has-vertical-unset\" id=\"wp-block-themeisle-blocks-advanced-columns-115347dc\"><div class=\"wp-block-themeisle-blocks-advanced-columns-overlay\"><\/div><div class=\"innerblocks-wrap\">\n<div class=\"wp-block-themeisle-blocks-advanced-column\" id=\"wp-block-themeisle-blocks-advanced-column-707dcb07\">\n<div class=\"wp-block-group\"><div class=\"wp-block-group__inner-container\">\n<div class=\"wp-block-group\"><div class=\"wp-block-group__inner-container\">\n<div class=\"wp-block-group\"><div class=\"wp-block-group__inner-container\">\n<h2>Vous voulez cr\u00e9er une entreprise&#8230;<\/h2>\n\n\n\n<p><\/p>\n<\/div><\/div>\n\n\n\n<div class=\"wp-block-group\"><div class=\"wp-block-group__inner-container\">\n<p>Vous voulez cr\u00e9er votre entreprise en vous appuyant sur la distribution de produits innovants ? <\/p>\n\n\n\n<p>Vous avez l&rsquo;exp\u00e9rience d&rsquo;un secteur d&rsquo;activit\u00e9, mais pas la maitrise de toutes les facettes de la gestion d&rsquo;une entreprise? <\/p>\n\n\n\n<p><strong>Rejoignez notre incubateur!<\/strong><\/p>\n\n\n\n<p>Nous associons nos forces avec les entrepreneurs tels que vous, d\u00e9butants ou exp\u00e9riment\u00e9s, d\u00e9sireux de d\u00e9velopper une nouvelle entreprise, en France ou en Chine. <\/p>\n\n\n\n<p>Nous nous investissons \u00e0 vos c\u00f4t\u00e9s pour faire \u00e9merger un projet solide, r\u00e9alisable, et pour s\u00e9curiser et acc\u00e9l\u00e9rer son ex\u00e9cution, en \u00e9valuant les risques et en les maitrisant. <\/p>\n<\/div><\/div>\n\n\n\n<p><\/p>\n<\/div><\/div>\n<\/div><\/div>\n<\/div>\n<\/div><\/div>\n\n\n\n<div class=\"wp-block-group\"><div class=\"wp-block-group__inner-container\">\n<div class=\"wp-block-group\"><div class=\"wp-block-group__inner-container\"><\/div><\/div>\n<\/div><\/div>\n\n\n\n<div class=\"wp-block-group\"><div class=\"wp-block-group__inner-container\">\n<div class=\"wp-block-group\"><div class=\"wp-block-group__inner-container\">\n<h2>Notre valeur ajout\u00e9e<\/h2>\n\n\n\n<ul>\n<li>sourcing et supply chain (fabricants OEM en Asie)<\/li>\n<li>internet et digital<\/li>\n<li>growth hacking (digital et aussi terrain)<\/li>\n<li>financement (lev\u00e9e de fonds, concours bancaire)<\/li>\n<li>gestion d&rsquo;entreprise<\/li>\n<li>business models<\/li>\n<li>notre r\u00e9seau, en France et en Asie<\/li>\n<\/ul>\n<\/div><\/div>\n\n\n\n<h2>Notre objectif ? 3 mois pour tester le march\u00e9 avec vous<\/h2>\n\n\n\n<p>3 mois, c&rsquo;est suffisant pour d\u00e9finir le produit, d\u00e9finir les cibles commerciales, sourcer les fabricants, valider les produits, cr\u00e9er les supports et communiquer sur l&rsquo;offre, d\u00e9finir des prix, contacter les prospects, faire les premi\u00e8res ventes. Et en m\u00eame temps, \u00e7a passe tr\u00e8s vite, aussi il faut \u00eatre efficace, focalis\u00e9, et d\u00e9cid\u00e9.<\/p>\n\n\n\n<p>Attention \u00e0 la r\u00e8glementation toutefois, elle peut impacter significativement la dur\u00e9e du processus. Mais il y a des fa\u00e7ons de tester le march\u00e9 et d&rsquo;occuper le terrain en attendant&#8230;<\/p>\n<\/div><\/div>\n\n\n\n<div class=\"wp-block-group\"><div class=\"wp-block-group__inner-container\">\n<h2>Et apr\u00e8s ces 3 mois?<\/h2>\n\n\n\n<p>Nous d\u00e9cidons ensemble si nous continuons ou pas, et comment. Par exemple en cr\u00e9ant une soci\u00e9t\u00e9 ensemble. <\/p>\n\n\n\n<p>Si le march\u00e9 et les produits donnent des signes encourageants, nous continuons \u00e0 d\u00e9velopper le projet ensemble. <\/p>\n<\/div><\/div>\n\n\n\n<div class=\"wp-block-group\"><div class=\"wp-block-group__inner-container\">\n<div class=\"wp-block-group\"><div class=\"wp-block-group__inner-container\">\n<h2>Notre business model?<\/h2>\n\n\n\n<p>Nous fonctionnons \u00e0 la base sur un mod\u00e8le de \u00ab\u00a0service for equity\u00a0\u00bb. C&rsquo;est \u00e0 dire que nous fournissons notre accompagnement (conseil ET op\u00e9rationnel) en \u00e9change d&rsquo;une partie du capital de sa soci\u00e9t\u00e9.<\/p>\n\n\n\n<p>N\u00e9anmoins nous sommes capables de nous adapter en fonction de la situation et de l&rsquo;opportunit\u00e9. Pour ceux qui le souhaitent, nous pouvons alternativement intervenir en prestation pure. Chacun reste ind\u00e9pendant. Nous apportons notre accompagnement dans le cadre d&rsquo;une prestation factur\u00e9e. <\/p>\n<\/div><\/div>\n<\/div><\/div>\n\n\n\n<div class=\"wp-block-group\"><div class=\"wp-block-group__inner-container\">\n<h2>Notre fonctionnement<\/h2>\n\n\n\n<p>Notre accompagnement s&rsquo;effectue en mode personnalis\u00e9, c&rsquo;est \u00e0 dire que vous n&rsquo;\u00eates pas m\u00e9lang\u00e9 avec d&rsquo;autres entrepreneurs pendant les \u00e9changes. Quand nous sommes ensemble, nous sommes enti\u00e8rement focalis\u00e9s sur notre projet commun. <\/p>\n\n\n\n<p>Cet accompagnement est r\u00e9alis\u00e9 \u00e0 distance ou dans vos locaux. <\/p>\n\n\n\n<p>Pendant les 3 premiers mois, m\u00eame pas la peine de cr\u00e9er une soci\u00e9t\u00e9 si vous n&rsquo;en avez pas. Nous ach\u00e8terons et facturerons pour vous. Les b\u00e9n\u00e9fices seront r\u00e9allou\u00e9s exclusivement \u00e0 notre projet commun s&rsquo;il continue, ou sinon ils seront r\u00e9partis entre nous. <\/p>\n<\/div><\/div>\n\n\n\n<div class=\"wp-block-buttons\">\n<div class=\"wp-block-button is-style-outline\"><a class=\"wp-block-button__link has-white-color has-luminous-vivid-orange-to-vivid-red-gradient-background has-text-color has-background\" href=\"https:\/\/www.1k-asia.com\/#contact\">Cliquez ici pour nous contacter<\/a><\/div>\n<\/div>\n","protected":false},"excerpt":{"rendered":"","protected":false},"author":1,"featured_media":242,"parent":0,"menu_order":0,"comment_status":"closed","ping_status":"closed","template":"","meta":[],"yoast_head":"<!-- This site is optimized with the Yoast SEO plugin v15.2.1 - https:\/\/yoast.com\/wordpress\/plugins\/seo\/ -->\n<title>Incubation - 1K Asia<\/title>\n<meta name=\"robots\" content=\"index, follow, max-snippet:-1, max-image-preview:large, max-video-preview:-1\" \/>\n<link rel=\"canonical\" href=\"http:\/\/www.1k-asia.com\/index.php\/incubation\/\" \/>\n<meta property=\"og:locale\" content=\"fr_FR\" \/>\n<meta property=\"og:type\" content=\"article\" \/>\n<meta property=\"og:title\" content=\"Incubation - 1K Asia\" \/>\n<meta property=\"og:url\" content=\"http:\/\/www.1k-asia.com\/index.php\/incubation\/\" \/>\n<meta property=\"og:site_name\" content=\"1K Asia\" \/>\n<meta property=\"article:modified_time\" content=\"2022-02-11T10:32:35+00:00\" \/>\n<meta property=\"og:image\" content=\"https:\/\/www.1k-asia.com\/wp-content\/uploads\/2022\/02\/pexels-helena-lopes-933964-scaled.jpg\" \/>\n\t<meta property=\"og:image:width\" content=\"2560\" \/>\n\t<meta property=\"og:image:height\" content=\"1707\" \/>\n<meta name=\"twitter:card\" content=\"summary_large_image\" \/>\n<meta name=\"twitter:label1\" content=\"\u00c9crit par\">\n\t<meta name=\"twitter:data1\" content=\"admin7124\">\n\t<meta name=\"twitter:label2\" content=\"Dur\u00e9e de lecture est.\">\n\t<meta name=\"twitter:data2\" content=\"2 minutes\">\n<script type=\"application\/ld+json\" class=\"yoast-schema-graph\">{\"@context\":\"https:\/\/schema.org\",\"@graph\":[{\"@type\":\"WebSite\",\"@id\":\"https:\/\/www.1k-asia.com\/#website\",\"url\":\"https:\/\/www.1k-asia.com\/\",\"name\":\"1K Asia\",\"description\":\"Business development platform between France and China\",\"potentialAction\":[{\"@type\":\"SearchAction\",\"target\":\"https:\/\/www.1k-asia.com\/?s={search_term_string}\",\"query-input\":\"required name=search_term_string\"}],\"inLanguage\":\"fr-FR\"},{\"@type\":\"ImageObject\",\"@id\":\"http:\/\/www.1k-asia.com\/index.php\/incubation\/#primaryimage\",\"inLanguage\":\"fr-FR\",\"url\":\"https:\/\/www.1k-asia.com\/wp-content\/uploads\/2022\/02\/pexels-helena-lopes-933964-scaled.jpg\",\"width\":2560,\"height\":1707},{\"@type\":\"WebPage\",\"@id\":\"http:\/\/www.1k-asia.com\/index.php\/incubation\/#webpage\",\"url\":\"http:\/\/www.1k-asia.com\/index.php\/incubation\/\",\"name\":\"Incubation - 1K Asia\",\"isPartOf\":{\"@id\":\"https:\/\/www.1k-asia.com\/#website\"},\"primaryImageOfPage\":{\"@id\":\"http:\/\/www.1k-asia.com\/index.php\/incubation\/#primaryimage\"},\"datePublished\":\"2022-02-07T11:30:32+00:00\",\"dateModified\":\"2022-02-11T10:32:35+00:00\",\"inLanguage\":\"fr-FR\",\"potentialAction\":[{\"@type\":\"ReadAction\",\"target\":[\"http:\/\/www.1k-asia.com\/index.php\/incubation\/\"]}]}]}<\/script>\n<!-- \/ Yoast SEO plugin. -->","_links":{"self":[{"href":"https:\/\/www.1k-asia.com\/index.php\/wp-json\/wp\/v2\/pages\/212"}],"collection":[{"href":"https:\/\/www.1k-asia.com\/index.php\/wp-json\/wp\/v2\/pages"}],"about":[{"href":"https:\/\/www.1k-asia.com\/index.php\/wp-json\/wp\/v2\/types\/page"}],"author":[{"embeddable":true,"href":"https:\/\/www.1k-asia.com\/index.php\/wp-json\/wp\/v2\/users\/1"}],"replies":[{"embeddable":true,"href":"https:\/\/www.1k-asia.com\/index.php\/wp-json\/wp\/v2\/comments?post=212"}],"version-history":[{"count":14,"href":"https:\/\/www.1k-asia.com\/index.php\/wp-json\/wp\/v2\/pages\/212\/revisions"}],"predecessor-version":[{"id":243,"href":"https:\/\/www.1k-asia.com\/index.php\/wp-json\/wp\/v2\/pages\/212\/revisions\/243"}],"wp:featuredmedia":[{"embeddable":true,"href":"https:\/\/www.1k-asia.com\/index.php\/wp-json\/wp\/v2\/media\/242"}],"wp:attachment":[{"href":"https:\/\/www.1k-asia.com\/index.php\/wp-json\/wp\/v2\/media?parent=212"}],"curies":[{"name":"wp","href":"https:\/\/api.w.org\/{rel}","templated":true}]}}