{"id":225,"date":"2022-02-11T10:38:48","date_gmt":"2022-02-11T09:38:48","guid":{"rendered":"http:\/\/www.1k-asia.com\/?page_id=225"},"modified":"2022-02-11T11:34:45","modified_gmt":"2022-02-11T10:34:45","slug":"acceleration","status":"publish","type":"page","link":"https:\/\/www.1k-asia.com\/index.php\/acceleration\/","title":{"rendered":"Acc\u00e9l\u00e9ration"},"content":{"rendered":"\n<div class=\"wp-block-themeisle-blocks-advanced-columns has-1-columns has-desktop-equal-layout has-tablet-equal-layout has-mobile-equal-layout has-default-gap has-vertical-unset\" id=\"wp-block-themeisle-blocks-advanced-columns-f9e57f63\"><div class=\"wp-block-themeisle-blocks-advanced-columns-overlay\"><\/div><div class=\"innerblocks-wrap\">\n<div class=\"wp-block-themeisle-blocks-advanced-column\" id=\"wp-block-themeisle-blocks-advanced-column-fd629e6e\">\n<h2>Vous \u00eates une entreprise et vous voulez lancer un nouveau produit&#8230;<\/h2>\n<\/div>\n<\/div><\/div>\n\n\n\n<p>Votre entreprise a d\u00e9j\u00e0 une activit\u00e9. Vous voulez vous d\u00e9velopper en \u00e9largissant votre gamme de produits. Ou bien explorer le potentiel d&rsquo;autres secteurs d&rsquo;activit\u00e9. Vous pr\u00e9f\u00e9rez limiter votre engagement financier et RH (mobilisation de ressources internes engag\u00e9es sur les op\u00e9rations courantes, recrutements).<\/p>\n\n\n\n<p><strong>Confiez votre projet \u00e0 notre acc\u00e9l\u00e9rateur<\/strong><\/p>\n\n\n\n<p>Nous associons nos forces avec les entrepreneurs tels que vous, d\u00e9sireux de d\u00e9velopper une nouvelle activit\u00e9 ou de nouveaux march\u00e9s.<\/p>\n\n\n\n<p>Nous vous apportons nos ressources op\u00e9rationnelles. Nous affinons ensemble la strat\u00e9gie de d\u00e9veloppement, et nous ex\u00e9cutons cette strat\u00e9gie en collaboration avec les r\u00e9f\u00e9rents de votre \u00e9quipe. Ainsi, vos meilleurs collaborateurs restent concentr\u00e9s sur les activit\u00e9s op\u00e9rationnelles g\u00e9n\u00e9ratrices de cash \u00e0 court terme. <\/p>\n\n\n\n<h2>Notre valeur ajout\u00e9e<\/h2>\n\n\n\n<ul><li>sourcing et supply chain (fabricants OEM en Asie)<\/li><li>internet et digital<\/li><li>growth hacking (digital et aussi terrain)<\/li><li>financement (lev\u00e9e de fonds, concours bancaire)<\/li><li>gestion d\u2019entreprise<\/li><li>business models<\/li><li>notre r\u00e9seau<\/li><\/ul>\n\n\n\n<h2>Notre objectif ? 3 mois pour tester le march\u00e9 avec vous<\/h2>\n\n\n\n<p>En 3 mois, en \u00e9tant efficace, focalis\u00e9, et d\u00e9cid\u00e9, il est possible de d\u00e9finir le produit, d\u00e9finir les cibles commerciales, sourcer les fabricants, valider les produits, cr\u00e9er les supports et communiquer sur l\u2019offre, d\u00e9finir des prix, contacter les prospects, et dans les cas les plus favorables, faire les premi\u00e8res ventes. Sous r\u00e9serve des contraintes r\u00e8glementaires qui peuvent impacter significativement le process. Malgr\u00e9 tout, il y a toujours moyen de tester le march\u00e9, a minima.<\/p>\n\n\n\n<h2>Et apr\u00e8s ces 3 mois?<\/h2>\n\n\n\n<p>Nous d\u00e9cidons ensemble si nous continuons ou pas, et comment. Vous \u00eates libre d&rsquo;arr\u00eater, de continuer avec nous, de r\u00e9internaliser les op\u00e9rations, c&rsquo;est vous qui d\u00e9cidez. <\/p>\n\n\n\n<p>Toutes les donn\u00e9es et les r\u00e9sultats g\u00e9n\u00e9r\u00e9s vous sont transf\u00e9r\u00e9s, de sorte que vous puissiez capitaliser totalement sur le travail effectu\u00e9. Vous b\u00e9n\u00e9ficiez d&rsquo;une p\u00e9riode de transfert qui vous garantit une reprise efficace, et la pleine exploitation des r\u00e9sultats obtenus.<\/p>\n\n\n\n<h2>Notre business model?<\/h2>\n\n\n\n<p>Nous fournissons une prestation de service. <\/p>\n\n\n\n<p>Notre r\u00e9mun\u00e9ration est d\u00e9finie \u00e0 l&rsquo;avance. Elle peut comporter, ou pas, une partie variable, en fonction de points de passage et d&rsquo;objectifs. <\/p>\n\n\n\n<h2>Notre fonctionnement<\/h2>\n\n\n\n<p>Vous exposez vos objectifs. Nous d\u00e9finissons ensemble des objectifs SMART (Specific, Measurable, Achievable, Relevant and Time-based).<\/p>\n\n\n\n<p>Vous nommez un r\u00e9f\u00e9rent, responsable du projet au sein de votre entreprise. Vous nommez un comit\u00e9 de pilotage interne pour le projet. <\/p>\n\n\n\n<p>De notre c\u00f4t\u00e9, nous affectons un directeur de projet. Il sera votre point de contact unique. Il s\u00e9lectionnera et mobilisera nos ressources autant que n\u00e9cessaire, pour atteindre les objectifs d\u00e9finis conjointement. <\/p>\n\n\n\n<p>Nous travaillons en synergie \u00e9troite avec votre r\u00e9f\u00e9rent et vos services. Nous assurons un reporting r\u00e9gulier des progr\u00e8s r\u00e9alis\u00e9s, avec votre r\u00e9f\u00e9rent, aupr\u00e8s du comit\u00e9 de pilotage.<\/p>\n\n\n\n<div class=\"wp-block-buttons\">\n<div class=\"wp-block-button\"><a class=\"wp-block-button__link has-luminous-vivid-orange-to-vivid-red-gradient-background has-background\" href=\"https:\/\/www.1k-asia.com\/#contact\">Cliquez ici pour nous contacter<\/a><\/div>\n<\/div>\n","protected":false},"excerpt":{"rendered":"<p>Votre entreprise a d\u00e9j\u00e0 une activit\u00e9. Vous voulez vous d\u00e9velopper en \u00e9largissant votre gamme de produits. Ou bien explorer le potentiel d&rsquo;autres secteurs d&rsquo;activit\u00e9. Vous pr\u00e9f\u00e9rez limiter votre engagement financier et RH (mobilisation de ressources internes engag\u00e9es sur les op\u00e9rations courantes, recrutements). Confiez votre projet \u00e0 notre acc\u00e9l\u00e9rateur Nous associons [&hellip;]<\/p>\n","protected":false},"author":1,"featured_media":244,"parent":0,"menu_order":0,"comment_status":"closed","ping_status":"closed","template":"","meta":[],"yoast_head":"<!-- This site is optimized with the Yoast SEO plugin v15.2.1 - https:\/\/yoast.com\/wordpress\/plugins\/seo\/ -->\n<title>Acc\u00e9l\u00e9ration - 1K Asia<\/title>\n<meta name=\"robots\" content=\"index, follow, max-snippet:-1, max-image-preview:large, max-video-preview:-1\" \/>\n<link rel=\"canonical\" href=\"https:\/\/www.1k-asia.com\/index.php\/acceleration\/\" \/>\n<meta property=\"og:locale\" content=\"fr_FR\" \/>\n<meta property=\"og:type\" content=\"article\" \/>\n<meta property=\"og:title\" content=\"Acc\u00e9l\u00e9ration - 1K Asia\" \/>\n<meta property=\"og:description\" content=\"Votre entreprise a d\u00e9j\u00e0 une activit\u00e9. Vous voulez vous d\u00e9velopper en \u00e9largissant votre gamme de produits. Ou bien explorer le potentiel d&rsquo;autres secteurs d&rsquo;activit\u00e9. Vous pr\u00e9f\u00e9rez limiter votre engagement financier et RH (mobilisation de ressources internes engag\u00e9es sur les op\u00e9rations courantes, recrutements). Confiez votre projet \u00e0 notre acc\u00e9l\u00e9rateur Nous associons [&hellip;]\" \/>\n<meta property=\"og:url\" content=\"https:\/\/www.1k-asia.com\/index.php\/acceleration\/\" \/>\n<meta property=\"og:site_name\" content=\"1K Asia\" \/>\n<meta property=\"article:modified_time\" content=\"2022-02-11T10:34:45+00:00\" \/>\n<meta property=\"og:image\" content=\"https:\/\/www.1k-asia.com\/wp-content\/uploads\/2022\/02\/pexels-mikael-blomkvist-6476254-scaled.jpg\" \/>\n\t<meta property=\"og:image:width\" content=\"2560\" \/>\n\t<meta property=\"og:image:height\" content=\"1708\" \/>\n<meta name=\"twitter:card\" content=\"summary_large_image\" \/>\n<meta name=\"twitter:label1\" content=\"\u00c9crit par\">\n\t<meta name=\"twitter:data1\" content=\"admin7124\">\n\t<meta name=\"twitter:label2\" content=\"Dur\u00e9e de lecture est.\">\n\t<meta name=\"twitter:data2\" content=\"2 minutes\">\n<script type=\"application\/ld+json\" class=\"yoast-schema-graph\">{\"@context\":\"https:\/\/schema.org\",\"@graph\":[{\"@type\":\"WebSite\",\"@id\":\"https:\/\/www.1k-asia.com\/#website\",\"url\":\"https:\/\/www.1k-asia.com\/\",\"name\":\"1K Asia\",\"description\":\"Business development platform between France and China\",\"potentialAction\":[{\"@type\":\"SearchAction\",\"target\":\"https:\/\/www.1k-asia.com\/?s={search_term_string}\",\"query-input\":\"required name=search_term_string\"}],\"inLanguage\":\"fr-FR\"},{\"@type\":\"ImageObject\",\"@id\":\"https:\/\/www.1k-asia.com\/index.php\/acceleration\/#primaryimage\",\"inLanguage\":\"fr-FR\",\"url\":\"https:\/\/www.1k-asia.com\/wp-content\/uploads\/2022\/02\/pexels-mikael-blomkvist-6476254-scaled.jpg\",\"width\":2560,\"height\":1708},{\"@type\":\"WebPage\",\"@id\":\"https:\/\/www.1k-asia.com\/index.php\/acceleration\/#webpage\",\"url\":\"https:\/\/www.1k-asia.com\/index.php\/acceleration\/\",\"name\":\"Acc\\u00e9l\\u00e9ration - 1K Asia\",\"isPartOf\":{\"@id\":\"https:\/\/www.1k-asia.com\/#website\"},\"primaryImageOfPage\":{\"@id\":\"https:\/\/www.1k-asia.com\/index.php\/acceleration\/#primaryimage\"},\"datePublished\":\"2022-02-11T09:38:48+00:00\",\"dateModified\":\"2022-02-11T10:34:45+00:00\",\"inLanguage\":\"fr-FR\",\"potentialAction\":[{\"@type\":\"ReadAction\",\"target\":[\"https:\/\/www.1k-asia.com\/index.php\/acceleration\/\"]}]}]}<\/script>\n<!-- \/ Yoast SEO plugin. -->","_links":{"self":[{"href":"https:\/\/www.1k-asia.com\/index.php\/wp-json\/wp\/v2\/pages\/225"}],"collection":[{"href":"https:\/\/www.1k-asia.com\/index.php\/wp-json\/wp\/v2\/pages"}],"about":[{"href":"https:\/\/www.1k-asia.com\/index.php\/wp-json\/wp\/v2\/types\/page"}],"author":[{"embeddable":true,"href":"https:\/\/www.1k-asia.com\/index.php\/wp-json\/wp\/v2\/users\/1"}],"replies":[{"embeddable":true,"href":"https:\/\/www.1k-asia.com\/index.php\/wp-json\/wp\/v2\/comments?post=225"}],"version-history":[{"count":4,"href":"https:\/\/www.1k-asia.com\/index.php\/wp-json\/wp\/v2\/pages\/225\/revisions"}],"predecessor-version":[{"id":245,"href":"https:\/\/www.1k-asia.com\/index.php\/wp-json\/wp\/v2\/pages\/225\/revisions\/245"}],"wp:featuredmedia":[{"embeddable":true,"href":"https:\/\/www.1k-asia.com\/index.php\/wp-json\/wp\/v2\/media\/244"}],"wp:attachment":[{"href":"https:\/\/www.1k-asia.com\/index.php\/wp-json\/wp\/v2\/media?parent=225"}],"curies":[{"name":"wp","href":"https:\/\/api.w.org\/{rel}","templated":true}]}}